{"id":1837,"date":"2023-05-05T21:27:17","date_gmt":"2023-05-05T21:27:17","guid":{"rendered":"https:\/\/tplabs.co\/congin\/?page_id=1837"},"modified":"2024-02-12T16:40:10","modified_gmt":"2024-02-12T13:40:10","slug":"hizmetlerimiz","status":"publish","type":"page","link":"https:\/\/spadisticaretnakliye.com.tr\/ar\/hizmetlerimiz\/","title":{"rendered":"\u062e\u062f\u0645\u0627\u062a\u0646\u0627"},"content":{"rendered":"<div data-elementor-type=\"wp-page\" data-elementor-id=\"1837\" class=\"elementor elementor-1837\">\n\t\t\t\t\t\t<section class=\"elementor-section elementor-top-section elementor-element elementor-element-6793866 elementor-section-stretched elementor-section-boxed elementor-section-height-default elementor-section-height-default\" data-id=\"6793866\" data-element_type=\"section\" data-settings=\"{&quot;stretch_section&quot;:&quot;section-stretched&quot;,&quot;background_background&quot;:&quot;classic&quot;}\">\n\t\t\t\t\t\t<div class=\"elementor-container elementor-column-gap-no\">\n\t\t\t\t\t<div class=\"elementor-column elementor-col-100 elementor-top-column elementor-element elementor-element-4176d4c\" data-id=\"4176d4c\" data-element_type=\"column\" data-settings=\"{&quot;background_background&quot;:&quot;classic&quot;}\">\n\t\t\t<div class=\"elementor-widget-wrap elementor-element-populated\">\n\t\t\t\t\t\t<div class=\"elementor-element elementor-element-beeffc0 elementor-widget elementor-widget-spacer\" data-id=\"beeffc0\" data-element_type=\"widget\" data-widget_type=\"spacer.default\">\n\t\t\t\t<div class=\"elementor-widget-container\">\n\t\t\t<style>\/*! elementor - v3.19.0 - 07-02-2024 *\/\n.elementor-column .elementor-spacer-inner{height:var(--spacer-size)}.e-con{--container-widget-width:100%}.e-con-inner>.elementor-widget-spacer,.e-con>.elementor-widget-spacer{width:var(--container-widget-width,var(--spacer-size));--align-self:var(--container-widget-align-self,initial);--flex-shrink:0}.e-con-inner>.elementor-widget-spacer>.elementor-widget-container,.e-con>.elementor-widget-spacer>.elementor-widget-container{height:100%;width:100%}.e-con-inner>.elementor-widget-spacer>.elementor-widget-container>.elementor-spacer,.e-con>.elementor-widget-spacer>.elementor-widget-container>.elementor-spacer{height:100%}.e-con-inner>.elementor-widget-spacer>.elementor-widget-container>.elementor-spacer>.elementor-spacer-inner,.e-con>.elementor-widget-spacer>.elementor-widget-container>.elementor-spacer>.elementor-spacer-inner{height:var(--container-widget-height,var(--spacer-size))}.e-con-inner>.elementor-widget-spacer.elementor-widget-empty,.e-con>.elementor-widget-spacer.elementor-widget-empty{position:relative;min-height:22px;min-width:22px}.e-con-inner>.elementor-widget-spacer.elementor-widget-empty .elementor-widget-empty-icon,.e-con>.elementor-widget-spacer.elementor-widget-empty .elementor-widget-empty-icon{position:absolute;top:0;bottom:0;left:0;right:0;margin:auto;padding:0;width:22px;height:22px}<\/style>\t\t<div class=\"elementor-spacer\">\n\t\t\t<div class=\"elementor-spacer-inner\"><\/div>\n\t\t<\/div>\n\t\t\t\t<\/div>\n\t\t\t\t<\/div>\n\t\t\t\t<div class=\"elementor-element elementor-element-286fd75 elementor-widget elementor-widget-heading\" data-id=\"286fd75\" data-element_type=\"widget\" data-widget_type=\"heading.default\">\n\t\t\t\t<div class=\"elementor-widget-container\">\n\t\t\t<style>\/*! elementor - v3.19.0 - 07-02-2024 *\/\n.elementor-heading-title{padding:0;margin:0;line-height:1}.elementor-widget-heading .elementor-heading-title[class*=elementor-size-]>a{color:inherit;font-size:inherit;line-height:inherit}.elementor-widget-heading .elementor-heading-title.elementor-size-small{font-size:15px}.elementor-widget-heading .elementor-heading-title.elementor-size-medium{font-size:19px}.elementor-widget-heading .elementor-heading-title.elementor-size-large{font-size:29px}.elementor-widget-heading .elementor-heading-title.elementor-size-xl{font-size:39px}.elementor-widget-heading .elementor-heading-title.elementor-size-xxl{font-size:59px}<\/style><h2 class=\"elementor-heading-title elementor-size-default\">\u062e\u062f\u0645\u0627\u062a\u0646\u0627<\/h2>\t\t<\/div>\n\t\t\t\t<\/div>\n\t\t\t\t<div class=\"elementor-element elementor-element-25c3a34 elementor-widget elementor-widget-spacer\" data-id=\"25c3a34\" data-element_type=\"widget\" data-widget_type=\"spacer.default\">\n\t\t\t\t<div class=\"elementor-widget-container\">\n\t\t\t\t\t<div class=\"elementor-spacer\">\n\t\t\t<div class=\"elementor-spacer-inner\"><\/div>\n\t\t<\/div>\n\t\t\t\t<\/div>\n\t\t\t\t<\/div>\n\t\t\t\t\t<\/div>\n\t\t<\/div>\n\t\t\t\t\t<\/div>\n\t\t<\/section>\n\t\t\t\t<section class=\"elementor-section elementor-top-section elementor-element elementor-element-a534a3a elementor-section-stretched elementor-section-boxed elementor-section-height-default elementor-section-height-default\" data-id=\"a534a3a\" data-element_type=\"section\" data-settings=\"{&quot;stretch_section&quot;:&quot;section-stretched&quot;,&quot;background_background&quot;:&quot;classic&quot;}\">\n\t\t\t\t\t\t<div class=\"elementor-container elementor-column-gap-no\">\n\t\t\t\t\t<div class=\"elementor-column elementor-col-100 elementor-top-column elementor-element elementor-element-48865bc\" data-id=\"48865bc\" data-element_type=\"column\" data-settings=\"{&quot;background_background&quot;:&quot;classic&quot;}\">\n\t\t\t<div class=\"elementor-widget-wrap elementor-element-populated\">\n\t\t\t\t\t\t<div class=\"elementor-element elementor-element-a3dcd99 elementor-widget elementor-widget-spacer\" data-id=\"a3dcd99\" data-element_type=\"widget\" data-widget_type=\"spacer.default\">\n\t\t\t\t<div class=\"elementor-widget-container\">\n\t\t\t\t\t<div class=\"elementor-spacer\">\n\t\t\t<div class=\"elementor-spacer-inner\"><\/div>\n\t\t<\/div>\n\t\t\t\t<\/div>\n\t\t\t\t<\/div>\n\t\t\t\t<section class=\"elementor-section elementor-inner-section elementor-element elementor-element-8c4b05f elementor-section-boxed elementor-section-height-default elementor-section-height-default\" data-id=\"8c4b05f\" data-element_type=\"section\">\n\t\t\t\t\t\t<div class=\"elementor-container elementor-column-gap-default\">\n\t\t\t\t\t<div class=\"elementor-column elementor-col-50 elementor-inner-column elementor-element elementor-element-b0d5064\" data-id=\"b0d5064\" data-element_type=\"column\">\n\t\t\t<div class=\"elementor-widget-wrap elementor-element-populated\">\n\t\t\t\t\t\t<div class=\"elementor-element elementor-element-97dea99 align-center image-box-style-2 elementor-widget elementor-widget-mae-image-box\" data-id=\"97dea99\" data-element_type=\"widget\" data-widget_type=\"mae-image-box.default\">\n\t\t\t\t<div class=\"elementor-widget-container\">\n\t\t\t                <div class=\"master-image-box\">\n                         \n                <div class=\"inner\">\n                   \n                    <div class=\"content-wrap\">\n                        <div class=\"icon-wrap\"><div class=\"master-icon\"><i class=\"fas fa-shipping-fast\"><\/i><\/div><\/div><h3 class=\"headline-2\"><a href=\"https:\/\/spadisticaretnakliye.com.tr\/ar\/service\/irak-turkiye-kargo\/\">\u0627\u0644\u0639\u0631\u0627\u0642 - \u062a\u0631\u0643\u064a\u0627 \u0644\u0644\u0634\u062d\u0646<\/a><\/h3><div class=\"desc\"><p>\u0641\u064a SPA \u060c \u0646\u062d\u0646 \u0641\u062e\u0648\u0631\u0648\u0646 \u0628\u062a\u0642\u062f\u064a\u0645 \u062e\u062f\u0645\u0627\u062a \u0634\u0627\u0645\u0644\u0629 \u062a\u062a\u062c\u0627\u0648\u0632 \u0645\u062c\u0631\u062f \u0627\u0644\u0646\u0642\u0644\u060c \u062d\u064a\u062b \u0646\u0642\u062f\u0645 \u0634\u0628\u0643\u0629 \u0642\u0648\u064a\u0629 \u062a\u0631\u0628\u0637 \u0628\u064a\u0646 \u0645\u0631\u0627\u0643\u0632 \u0647\u0630\u064a\u0646 \u0627\u0644\u0628\u0644\u062f\u064a\u0646 \u0648\u062a\u0633\u0647\u0644 \u0627\u0644\u062a\u062f\u0641\u0642 \u0627\u0644\u0633\u0644\u0633 \u0644\u0644\u0628\u0636\u0627\u0626\u0639\u060c \u0645\u0645\u0627 \u064a\u0633\u0627\u0647\u0645 \u0641\u064a \u0627\u0644\u062d\u064a\u0648\u064a\u0629 \u0627\u0644\u0627\u0642\u062a\u0635\u0627\u062f\u064a\u0629 \u0644\u0644\u0645\u0646\u0637\u0642\u0629.<\/p><\/div>                    <\/div>\n\n                    <div class=\"thumb\"><img fetchpriority=\"high\" decoding=\"async\" width=\"1920\" height=\"1180\" src=\"https:\/\/spadisticaretnakliye.com.tr\/wp-content\/uploads\/2023\/06\/irak-turkiye-kargo-spa-dis-ticaret-nakliye-1.jpg\" class=\"attachment-full size-full\" alt=\"\" srcset=\"https:\/\/spadisticaretnakliye.com.tr\/wp-content\/uploads\/2023\/06\/irak-turkiye-kargo-spa-dis-ticaret-nakliye-1.jpg 1920w, https:\/\/spadisticaretnakliye.com.tr\/wp-content\/uploads\/2023\/06\/irak-turkiye-kargo-spa-dis-ticaret-nakliye-1-300x184.jpg 300w, https:\/\/spadisticaretnakliye.com.tr\/wp-content\/uploads\/2023\/06\/irak-turkiye-kargo-spa-dis-ticaret-nakliye-1-1024x629.jpg 1024w, https:\/\/spadisticaretnakliye.com.tr\/wp-content\/uploads\/2023\/06\/irak-turkiye-kargo-spa-dis-ticaret-nakliye-1-768x472.jpg 768w, https:\/\/spadisticaretnakliye.com.tr\/wp-content\/uploads\/2023\/06\/irak-turkiye-kargo-spa-dis-ticaret-nakliye-1-1536x944.jpg 1536w, https:\/\/spadisticaretnakliye.com.tr\/wp-content\/uploads\/2023\/06\/irak-turkiye-kargo-spa-dis-ticaret-nakliye-1-600x369.jpg 600w\" sizes=\"(max-width: 1920px) 100vw, 1920px\"><div class=\"url-wrap\"><a class=\"arrow\" href=\"https:\/\/spadisticaretnakliye.com.tr\/ar\/service\/irak-turkiye-kargo\/\" aria-label=\"Petroleum and Gas\"><span class=\"inner\"> <span class=\"icon ci-plus\"><\/span><\/span><\/a><\/div><\/div>                <\/div>\n                    <\/div>\n        \t\t<\/div>\n\t\t\t\t<\/div>\n\t\t\t\t\t<\/div>\n\t\t<\/div>\n\t\t\t\t<div class=\"elementor-column elementor-col-50 elementor-inner-column elementor-element elementor-element-9d4a5b5\" data-id=\"9d4a5b5\" data-element_type=\"column\">\n\t\t\t<div class=\"elementor-widget-wrap elementor-element-populated\">\n\t\t\t\t\t\t<div class=\"elementor-element elementor-element-1d301b3 align-center image-box-style-2 elementor-widget elementor-widget-mae-image-box\" data-id=\"1d301b3\" data-element_type=\"widget\" data-widget_type=\"mae-image-box.default\">\n\t\t\t\t<div class=\"elementor-widget-container\">\n\t\t\t                <div class=\"master-image-box\">\n                         \n                <div class=\"inner\">\n                   \n                    <div class=\"content-wrap\">\n                        <div class=\"icon-wrap\"><div class=\"master-icon\"><i class=\"fas fa-th\"><\/i><\/div><\/div><h3 class=\"headline-2\"><a href=\"https:\/\/spadisticaretnakliye.com.tr\/ar\/service\/dis-ticaret\/\">\u0627\u0644\u062a\u062c\u0627\u0631\u0629 \u0627\u0644\u062e\u0627\u0631\u062c\u064a\u0629<\/a><\/h3><div class=\"desc\"><p>\u0645\u0631\u062d\u0628\u064b\u0627 \u0628\u0643 \u0641\u064a SPA\u060c \u0634\u0631\u064a\u0643\u0643 \u0627\u0644\u0645\u0648\u062b\u0648\u0642 \u0628\u0647 \u0641\u064a \u0645\u062c\u0627\u0644 \u0627\u0644\u062a\u062c\u0627\u0631\u0629 \u0627\u0644\u062e\u0627\u0631\u062c\u064a\u0629 \u0627\u0644\u062f\u064a\u0646\u0627\u0645\u064a\u0643\u064a \u0644\u0644\u0645\u0636\u062e\u0627\u062a \u0627\u0644\u0647\u064a\u062f\u0631\u0648\u0644\u064a\u0643\u064a\u0629 \u0648\u0627\u0644\u0623\u0633\u0637\u0648\u0627\u0646\u0627\u062a \u0627\u0644\u0647\u064a\u062f\u0631\u0648\u0644\u064a\u0643\u064a\u0629 \u0648\u0627\u0644\u062a\u062c\u0647\u064a\u0632\u0627\u062a \u0627\u0644\u0647\u064a\u062f\u0631\u0648\u0644\u064a\u0643\u064a\u0629. \u0628\u0641\u0636\u0644 \u0627\u0644\u062a\u0632\u0627\u0645\u0647\u0627 \u0627\u0644\u0642\u0648\u064a \u0628\u0627\u0644\u062a\u0645\u064a\u0632\u060c \u0623\u0646\u0634\u0623\u062a SPA \u0646\u0641\u0633\u0647\u0627 \u0643\u0634\u0631\u0643\u0629 \u0631\u0627\u0626\u062f\u0629 \u0641\u064a \u0645\u062c\u0627\u0644 \u062a\u0648\u0641\u064a\u0631 \u0627\u0644\u062d\u0644\u0648\u0644 \u0644\u0644\u0639\u062f\u064a\u062f \u0645\u0646 \u0627\u0644\u0635\u0646\u0627\u0639\u0627\u062a.<\/p><\/div>                    <\/div>\n\n                    <div class=\"thumb\"><img decoding=\"async\" width=\"1920\" height=\"1180\" src=\"https:\/\/spadisticaretnakliye.com.tr\/wp-content\/uploads\/2023\/06\/dis-ticaret-spa-dis-ticaret-nakliye-1.jpg\" class=\"attachment-full size-full\" alt=\"\" srcset=\"https:\/\/spadisticaretnakliye.com.tr\/wp-content\/uploads\/2023\/06\/dis-ticaret-spa-dis-ticaret-nakliye-1.jpg 1920w, https:\/\/spadisticaretnakliye.com.tr\/wp-content\/uploads\/2023\/06\/dis-ticaret-spa-dis-ticaret-nakliye-1-300x184.jpg 300w, https:\/\/spadisticaretnakliye.com.tr\/wp-content\/uploads\/2023\/06\/dis-ticaret-spa-dis-ticaret-nakliye-1-1024x629.jpg 1024w, https:\/\/spadisticaretnakliye.com.tr\/wp-content\/uploads\/2023\/06\/dis-ticaret-spa-dis-ticaret-nakliye-1-768x472.jpg 768w, https:\/\/spadisticaretnakliye.com.tr\/wp-content\/uploads\/2023\/06\/dis-ticaret-spa-dis-ticaret-nakliye-1-1536x944.jpg 1536w, https:\/\/spadisticaretnakliye.com.tr\/wp-content\/uploads\/2023\/06\/dis-ticaret-spa-dis-ticaret-nakliye-1-600x369.jpg 600w\" sizes=\"(max-width: 1920px) 100vw, 1920px\"><div class=\"url-wrap\"><a class=\"arrow\" href=\"https:\/\/spadisticaretnakliye.com.tr\/ar\/service\/dis-ticaret\/\" aria-label=\"Petroleum and Gas\"><span class=\"inner\"> <span class=\"icon ci-plus\"><\/span><\/span><\/a><\/div><\/div>                <\/div>\n                    <\/div>\n        \t\t<\/div>\n\t\t\t\t<\/div>\n\t\t\t\t\t<\/div>\n\t\t<\/div>\n\t\t\t\t\t<\/div>\n\t\t<\/section>\n\t\t\t\t<div class=\"elementor-element elementor-element-c6a491e elementor-widget elementor-widget-spacer\" data-id=\"c6a491e\" data-element_type=\"widget\" data-widget_type=\"spacer.default\">\n\t\t\t\t<div class=\"elementor-widget-container\">\n\t\t\t\t\t<div class=\"elementor-spacer\">\n\t\t\t<div class=\"elementor-spacer-inner\"><\/div>\n\t\t<\/div>\n\t\t\t\t<\/div>\n\t\t\t\t<\/div>\n\t\t\t\t\t<\/div>\n\t\t<\/div>\n\t\t\t\t\t<\/div>\n\t\t<\/section>\n\t\t\t\t<section class=\"elementor-section elementor-top-section elementor-element elementor-element-7cdf06c elementor-section-stretched elementor-section-boxed elementor-section-height-default elementor-section-height-default\" data-id=\"7cdf06c\" data-element_type=\"section\" data-settings=\"{&quot;stretch_section&quot;:&quot;section-stretched&quot;}\">\n\t\t\t\t\t\t<div class=\"elementor-container elementor-column-gap-default\">\n\t\t\t\t\t<div class=\"elementor-column elementor-col-100 elementor-top-column elementor-element elementor-element-a08bf9a\" data-id=\"a08bf9a\" data-element_type=\"column\">\n\t\t\t<div class=\"elementor-widget-wrap elementor-element-populated\">\n\t\t\t\t\t\t<div class=\"elementor-element elementor-element-82d1392 elementor-widget elementor-widget-heading\" data-id=\"82d1392\" data-element_type=\"widget\" data-widget_type=\"heading.default\">\n\t\t\t\t<div class=\"elementor-widget-container\">\n\t\t\t<h2 class=\"elementor-heading-title elementor-size-default\">\u0645\u0631\u0627\u062c\u0639\u0646\u0627<\/h2>\t\t<\/div>\n\t\t\t\t<\/div>\n\t\t\t\t<div class=\"elementor-element elementor-element-b56ba17 elementor-widget elementor-widget-spacer\" data-id=\"b56ba17\" data-element_type=\"widget\" data-widget_type=\"spacer.default\">\n\t\t\t\t<div class=\"elementor-widget-container\">\n\t\t\t\t\t<div class=\"elementor-spacer\">\n\t\t\t<div class=\"elementor-spacer-inner\"><\/div>\n\t\t<\/div>\n\t\t\t\t<\/div>\n\t\t\t\t<\/div>\n\t\t\t\t<div class=\"elementor-element elementor-element-a04810d elementor-widget elementor-widget-mae-partner-carousel\" data-id=\"a04810d\" data-element_type=\"widget\" data-widget_type=\"mae-partner-carousel.default\">\n\t\t\t\t<div class=\"elementor-widget-container\">\n\t\t\t\n        <div class=\"master-carousel-box\" data-config='{\"column\":4,\"columnTablet\":3,\"columnMobile\":2,\"columnLaptop\":4,\"gap\":53,\"gapMobile\":30,\"gapLaptop\":100,\"arrowPosition\":null,\"arrowMiddleOffset\":null,\"arrowTopOffset\":null,\"stretch\":\"stretch-both\",\"autoPlay\":true,\"prevNextButtons\":false,\"pageDots\":true,\"activeIndex\":\"\"}'>\n                            <div class=\"master-partner item-carousel\">\n                    <img decoding=\"async\" width=\"512\" height=\"200\" src=\"https:\/\/spadisticaretnakliye.com.tr\/wp-content\/uploads\/2024\/01\/spa-dis-ticaret-nakliye-yumak-logo.jpg\" class=\"attachment-full size-full\" alt=\"\" srcset=\"https:\/\/spadisticaretnakliye.com.tr\/wp-content\/uploads\/2024\/01\/spa-dis-ticaret-nakliye-yumak-logo.jpg 512w, https:\/\/spadisticaretnakliye.com.tr\/wp-content\/uploads\/2024\/01\/spa-dis-ticaret-nakliye-yumak-logo-300x117.jpg 300w\" sizes=\"(max-width: 512px) 100vw, 512px\">                <\/div>\n                            <div class=\"master-partner item-carousel\">\n                    <img loading=\"lazy\" decoding=\"async\" width=\"512\" height=\"200\" src=\"https:\/\/spadisticaretnakliye.com.tr\/wp-content\/uploads\/2024\/01\/spa-dis-ticaret-nakliye-hms-ozceylanlar-logo.jpg\" class=\"attachment-full size-full\" alt=\"\" srcset=\"https:\/\/spadisticaretnakliye.com.tr\/wp-content\/uploads\/2024\/01\/spa-dis-ticaret-nakliye-hms-ozceylanlar-logo.jpg 512w, https:\/\/spadisticaretnakliye.com.tr\/wp-content\/uploads\/2024\/01\/spa-dis-ticaret-nakliye-hms-ozceylanlar-logo-300x117.jpg 300w\" sizes=\"(max-width: 512px) 100vw, 512px\">                <\/div>\n                            <div class=\"master-partner item-carousel\">\n                    <img loading=\"lazy\" decoding=\"async\" width=\"512\" height=\"200\" src=\"https:\/\/spadisticaretnakliye.com.tr\/wp-content\/uploads\/2024\/01\/spa-dis-ticaret-nakliye-ehm-eksen-logo.jpg\" class=\"attachment-full size-full\" alt=\"\" srcset=\"https:\/\/spadisticaretnakliye.com.tr\/wp-content\/uploads\/2024\/01\/spa-dis-ticaret-nakliye-ehm-eksen-logo.jpg 512w, https:\/\/spadisticaretnakliye.com.tr\/wp-content\/uploads\/2024\/01\/spa-dis-ticaret-nakliye-ehm-eksen-logo-300x117.jpg 300w\" sizes=\"(max-width: 512px) 100vw, 512px\">                <\/div>\n                            <div class=\"master-partner item-carousel\">\n                    <img loading=\"lazy\" decoding=\"async\" width=\"512\" height=\"200\" src=\"https:\/\/spadisticaretnakliye.com.tr\/wp-content\/uploads\/2024\/01\/spa-dis-ticaret-nakliye-filkar-logo.jpg\" class=\"attachment-full size-full\" alt=\"\" srcset=\"https:\/\/spadisticaretnakliye.com.tr\/wp-content\/uploads\/2024\/01\/spa-dis-ticaret-nakliye-filkar-logo.jpg 512w, https:\/\/spadisticaretnakliye.com.tr\/wp-content\/uploads\/2024\/01\/spa-dis-ticaret-nakliye-filkar-logo-300x117.jpg 300w\" sizes=\"(max-width: 512px) 100vw, 512px\">                <\/div>\n                            <div class=\"master-partner item-carousel\">\n                    <img loading=\"lazy\" decoding=\"async\" width=\"512\" height=\"200\" src=\"https:\/\/spadisticaretnakliye.com.tr\/wp-content\/uploads\/2024\/01\/spa-dis-ticaret-nakliye-cayirova-logo.jpg\" class=\"attachment-full size-full\" alt=\"\" srcset=\"https:\/\/spadisticaretnakliye.com.tr\/wp-content\/uploads\/2024\/01\/spa-dis-ticaret-nakliye-cayirova-logo.jpg 512w, https:\/\/spadisticaretnakliye.com.tr\/wp-content\/uploads\/2024\/01\/spa-dis-ticaret-nakliye-cayirova-logo-300x117.jpg 300w\" sizes=\"(max-width: 512px) 100vw, 512px\">                <\/div>\n                            <div class=\"master-partner item-carousel\">\n                    <img loading=\"lazy\" decoding=\"async\" width=\"512\" height=\"200\" src=\"https:\/\/spadisticaretnakliye.com.tr\/wp-content\/uploads\/2024\/01\/spa-dis-ticaret-nakliye-genmot-logo.jpg\" class=\"attachment-full size-full\" alt=\"\" srcset=\"https:\/\/spadisticaretnakliye.com.tr\/wp-content\/uploads\/2024\/01\/spa-dis-ticaret-nakliye-genmot-logo.jpg 512w, https:\/\/spadisticaretnakliye.com.tr\/wp-content\/uploads\/2024\/01\/spa-dis-ticaret-nakliye-genmot-logo-300x117.jpg 300w\" sizes=\"(max-width: 512px) 100vw, 512px\">                <\/div>\n                            <div class=\"master-partner item-carousel\">\n                    <img loading=\"lazy\" decoding=\"async\" width=\"512\" height=\"200\" src=\"https:\/\/spadisticaretnakliye.com.tr\/wp-content\/uploads\/2024\/01\/spa-dis-ticaret-nakliye-mogesan-logo.jpg\" class=\"attachment-full size-full\" alt=\"\" srcset=\"https:\/\/spadisticaretnakliye.com.tr\/wp-content\/uploads\/2024\/01\/spa-dis-ticaret-nakliye-mogesan-logo.jpg 512w, https:\/\/spadisticaretnakliye.com.tr\/wp-content\/uploads\/2024\/01\/spa-dis-ticaret-nakliye-mogesan-logo-300x117.jpg 300w\" sizes=\"(max-width: 512px) 100vw, 512px\">                <\/div>\n                            <div class=\"master-partner item-carousel\">\n                    <img loading=\"lazy\" decoding=\"async\" width=\"512\" height=\"200\" src=\"https:\/\/spadisticaretnakliye.com.tr\/wp-content\/uploads\/2024\/01\/spa-dis-ticaret-nakliye-elzem-wax-logo.jpg\" class=\"attachment-full size-full\" alt=\"\" srcset=\"https:\/\/spadisticaretnakliye.com.tr\/wp-content\/uploads\/2024\/01\/spa-dis-ticaret-nakliye-elzem-wax-logo.jpg 512w, https:\/\/spadisticaretnakliye.com.tr\/wp-content\/uploads\/2024\/01\/spa-dis-ticaret-nakliye-elzem-wax-logo-300x117.jpg 300w\" sizes=\"(max-width: 512px) 100vw, 512px\">                <\/div>\n                            <div class=\"master-partner item-carousel\">\n                    <img loading=\"lazy\" decoding=\"async\" width=\"512\" height=\"200\" src=\"https:\/\/spadisticaretnakliye.com.tr\/wp-content\/uploads\/2024\/01\/spa-dis-ticaret-nakliye-saglamel-logo.jpg\" class=\"attachment-full size-full\" alt=\"\" srcset=\"https:\/\/spadisticaretnakliye.com.tr\/wp-content\/uploads\/2024\/01\/spa-dis-ticaret-nakliye-saglamel-logo.jpg 512w, https:\/\/spadisticaretnakliye.com.tr\/wp-content\/uploads\/2024\/01\/spa-dis-ticaret-nakliye-saglamel-logo-300x117.jpg 300w\" sizes=\"(max-width: 512px) 100vw, 512px\">                <\/div>\n                            <div class=\"master-partner item-carousel\">\n                    <img loading=\"lazy\" decoding=\"async\" width=\"512\" height=\"200\" src=\"https:\/\/spadisticaretnakliye.com.tr\/wp-content\/uploads\/2024\/02\/spa-dis-ticaret-nakliye-hars-logo.jpg\" class=\"attachment-full size-full\" alt=\"\" srcset=\"https:\/\/spadisticaretnakliye.com.tr\/wp-content\/uploads\/2024\/02\/spa-dis-ticaret-nakliye-hars-logo.jpg 512w, https:\/\/spadisticaretnakliye.com.tr\/wp-content\/uploads\/2024\/02\/spa-dis-ticaret-nakliye-hars-logo-300x117.jpg 300w, https:\/\/spadisticaretnakliye.com.tr\/wp-content\/uploads\/2024\/02\/spa-dis-ticaret-nakliye-hars-logo-18x7.jpg 18w\" sizes=\"(max-width: 512px) 100vw, 512px\">                <\/div>\n                            <div class=\"master-partner item-carousel\">\n                    <img loading=\"lazy\" decoding=\"async\" width=\"512\" height=\"200\" src=\"https:\/\/spadisticaretnakliye.com.tr\/wp-content\/uploads\/2024\/02\/spa-dis-ticaret-nakliye-sage-cranck-logo.jpg\" class=\"attachment-full size-full\" alt=\"\" srcset=\"https:\/\/spadisticaretnakliye.com.tr\/wp-content\/uploads\/2024\/02\/spa-dis-ticaret-nakliye-sage-cranck-logo.jpg 512w, https:\/\/spadisticaretnakliye.com.tr\/wp-content\/uploads\/2024\/02\/spa-dis-ticaret-nakliye-sage-cranck-logo-300x117.jpg 300w, https:\/\/spadisticaretnakliye.com.tr\/wp-content\/uploads\/2024\/02\/spa-dis-ticaret-nakliye-sage-cranck-logo-18x7.jpg 18w\" sizes=\"(max-width: 512px) 100vw, 512px\">                <\/div>\n                            <div class=\"master-partner item-carousel\">\n                    <img loading=\"lazy\" decoding=\"async\" width=\"512\" height=\"200\" src=\"https:\/\/spadisticaretnakliye.com.tr\/wp-content\/uploads\/2024\/02\/spa-dis-ticaret-nakliye-uysal-hydraulic-logo.jpg\" class=\"attachment-full size-full\" alt=\"\" srcset=\"https:\/\/spadisticaretnakliye.com.tr\/wp-content\/uploads\/2024\/02\/spa-dis-ticaret-nakliye-uysal-hydraulic-logo.jpg 512w, https:\/\/spadisticaretnakliye.com.tr\/wp-content\/uploads\/2024\/02\/spa-dis-ticaret-nakliye-uysal-hydraulic-logo-300x117.jpg 300w, https:\/\/spadisticaretnakliye.com.tr\/wp-content\/uploads\/2024\/02\/spa-dis-ticaret-nakliye-uysal-hydraulic-logo-18x7.jpg 18w\" sizes=\"(max-width: 512px) 100vw, 512px\">                <\/div>\n                            <div class=\"master-partner item-carousel\">\n                    <img loading=\"lazy\" decoding=\"async\" width=\"512\" height=\"200\" src=\"https:\/\/spadisticaretnakliye.com.tr\/wp-content\/uploads\/2024\/02\/spa-dis-ticaret-nakliye-hd-kaucuk-logo.jpg\" class=\"attachment-full size-full\" alt=\"\" srcset=\"https:\/\/spadisticaretnakliye.com.tr\/wp-content\/uploads\/2024\/02\/spa-dis-ticaret-nakliye-hd-kaucuk-logo.jpg 512w, https:\/\/spadisticaretnakliye.com.tr\/wp-content\/uploads\/2024\/02\/spa-dis-ticaret-nakliye-hd-kaucuk-logo-300x117.jpg 300w, https:\/\/spadisticaretnakliye.com.tr\/wp-content\/uploads\/2024\/02\/spa-dis-ticaret-nakliye-hd-kaucuk-logo-18x7.jpg 18w\" sizes=\"(max-width: 512px) 100vw, 512px\">                <\/div>\n                    <\/div>\n\n        \t\t<\/div>\n\t\t\t\t<\/div>\n\t\t\t\t<div class=\"elementor-element elementor-element-2b0b645 elementor-widget elementor-widget-spacer\" data-id=\"2b0b645\" data-element_type=\"widget\" data-widget_type=\"spacer.default\">\n\t\t\t\t<div class=\"elementor-widget-container\">\n\t\t\t\t\t<div class=\"elementor-spacer\">\n\t\t\t<div class=\"elementor-spacer-inner\"><\/div>\n\t\t<\/div>\n\t\t\t\t<\/div>\n\t\t\t\t<\/div>\n\t\t\t\t\t<\/div>\n\t\t<\/div>\n\t\t\t\t\t<\/div>\n\t\t<\/section>\n\t\t\t\t<\/div>\n\t\t\n    <div class=\"xs_social_share_widget xs_share_url after_content \t\tmain_content  wslu-style-1 wslu-share-box-shaped wslu-fill-colored wslu-none wslu-share-horizontal wslu-theme-font-no wslu-main_content\">\n\n\t\t\n        <ul>\n\t\t\t        <\/ul>\n    <\/div>","protected":false},"excerpt":{"rendered":"<p>H\u0130ZMETLER\u0130M\u0130Z Irak &#8211; T\u00fcrkiye Kargo SPA olarak, salt ta\u015f\u0131mac\u0131l\u0131\u011f\u0131n \u00f6tesine ge\u00e7en, bu iki \u00fclkenin merkezlerini birbirine ba\u011flayan ve mallar\u0131n sorunsuz ak\u0131\u015f\u0131n\u0131 kolayla\u015ft\u0131ran, b\u00f6lgenin ekonomik canl\u0131l\u0131\u011f\u0131na katk\u0131da bulunan sa\u011flam bir a\u011f sunan kapsaml\u0131 hizmetler sunmaktan gurur duyuyoruz. D\u0131\u015f Ticaret Hidrolik pompalar, hidrolik silindirler ve hidrolik ba\u011flant\u0131 elemanlar\u0131na y\u00f6nelik dinamik d\u0131\u015f ticaret<\/p>","protected":false},"author":1,"featured_media":0,"parent":0,"menu_order":0,"comment_status":"closed","ping_status":"closed","template":"","meta":{"inline_featured_image":false,"footnotes":""},"_links":{"self":[{"href":"https:\/\/spadisticaretnakliye.com.tr\/ar\/wp-json\/wp\/v2\/pages\/1837"}],"collection":[{"href":"https:\/\/spadisticaretnakliye.com.tr\/ar\/wp-json\/wp\/v2\/pages"}],"about":[{"href":"https:\/\/spadisticaretnakliye.com.tr\/ar\/wp-json\/wp\/v2\/types\/page"}],"author":[{"embeddable":true,"href":"https:\/\/spadisticaretnakliye.com.tr\/ar\/wp-json\/wp\/v2\/users\/1"}],"replies":[{"embeddable":true,"href":"https:\/\/spadisticaretnakliye.com.tr\/ar\/wp-json\/wp\/v2\/comments?post=1837"}],"version-history":[{"count":20,"href":"https:\/\/spadisticaretnakliye.com.tr\/ar\/wp-json\/wp\/v2\/pages\/1837\/revisions"}],"predecessor-version":[{"id":5239,"href":"https:\/\/spadisticaretnakliye.com.tr\/ar\/wp-json\/wp\/v2\/pages\/1837\/revisions\/5239"}],"wp:attachment":[{"href":"https:\/\/spadisticaretnakliye.com.tr\/ar\/wp-json\/wp\/v2\/media?parent=1837"}],"curies":[{"name":"wp","href":"https:\/\/api.w.org\/{rel}","templated":true}]}}